{"id":12,"date":"2024-08-26T10:21:24","date_gmt":"2024-08-26T10:21:24","guid":{"rendered":"https:\/\/chinesemfg.com\/?page_id=12"},"modified":"2024-09-04T07:55:38","modified_gmt":"2024-09-04T07:55:38","slug":"a-propos-de-nous","status":"publish","type":"page","link":"https:\/\/chinesemfg.com\/fr\/a-propos-de-nous\/","title":{"rendered":"\u00c0 propos de nous"},"content":{"rendered":"<div class=\"wp-block-uagb-container uagb-block-150c55de alignwide uagb-is-root-container\">\n<div class=\"wp-block-uagb-container uagb-block-9701761c\">\n<div class=\"wp-block-uagb-container uagb-block-51a8afa3\"><\/div>\n\n\n\n<div class=\"wp-block-uagb-container uagb-block-c81f0698\">\n<h1 class=\"wp-block-heading has-x-large-font-size\">\u00c0 propos de nous<\/h1>\n\n\n\n<p>Bienvenue \u00e0 <strong>chinesemfg.com<\/strong>Le site web de l'entreprise, le premier portail d'acc\u00e8s au monde vaste et diversifi\u00e9 de l'industrie manufacturi\u00e8re chinoise, est un prolongement du site web de l'entreprise. En tant qu'extension de <a href=\"https:\/\/crossborder.digital\" target=\"_blank\" rel=\"noopener\">Cross Border Digital<\/a>Nous sommes sp\u00e9cialis\u00e9s dans la mise en relation d'acheteurs internationaux avec des fabricants chinois fiables et de haute qualit\u00e9. Notre plateforme est con\u00e7ue pour combler le foss\u00e9 entre la demande internationale et les capacit\u00e9s de production in\u00e9gal\u00e9es de la Chine, ce qui permet aux entreprises du monde entier de trouver plus facilement que jamais les bons fournisseurs. Que vous recherchiez des produits \u00e9lectroniques grand public, des machines industrielles ou des produits sur mesure, <strong>chinesemfg.com<\/strong> offre une exp\u00e9rience simplifi\u00e9e et conviviale pour vous aider \u00e0 naviguer en toute confiance dans le paysage industriel chinois.<\/p>\n\n\n\n<p>Au <strong>chinesemfg.com<\/strong>Nous comprenons que trouver le bon fournisseur est crucial pour la r\u00e9ussite de votre entreprise. C'est pourquoi nous avons cr\u00e9\u00e9 un annuaire complet de fabricants chinois v\u00e9rifi\u00e9s, avec des profils d\u00e9taill\u00e9s, des catalogues de produits et des informations de contact. Notre plateforme multilingue garantit que la langue n'est jamais une barri\u00e8re, vous permettant de vous connecter avec des fournisseurs en anglais, espagnol, fran\u00e7ais, et plus encore. Nous mettons l'accent sur la transparence, la qualit\u00e9 et la fiabilit\u00e9, <strong>chinesemfg.com<\/strong> est votre partenaire de confiance pour l'approvisionnement en Chine.<\/p>\n<\/div>\n<\/div>\n<\/div>","protected":false},"excerpt":{"rendered":"<p>A propos de nous Bienvenue sur chinesemfg.com, votre premi\u00e8re passerelle vers [...]<\/p>","protected":false},"author":1,"featured_media":0,"parent":0,"menu_order":0,"comment_status":"closed","ping_status":"closed","template":"","meta":{"_uag_custom_page_level_css":"","site-sidebar-layout":"default","site-content-layout":"","ast-site-content-layout":"default","site-content-style":"default","site-sidebar-style":"default","ast-global-header-display":"","ast-banner-title-visibility":"","ast-main-header-display":"","ast-hfb-above-header-display":"","ast-hfb-below-header-display":"","ast-hfb-mobile-header-display":"","site-post-title":"disabled","ast-breadcrumbs-content":"","ast-featured-img":"","footer-sml-layout":"","ast-disable-related-posts":"","theme-transparent-header-meta":"","adv-header-id-meta":"","stick-header-meta":"","header-above-stick-meta":"","header-main-stick-meta":"","header-below-stick-meta":"","astra-migrate-meta-layouts":"default","ast-page-background-enabled":"default","ast-page-background-meta":{"desktop":{"background-color":"var(--ast-global-color-4)","background-image":"","background-repeat":"repeat","background-position":"center center","background-size":"auto","background-attachment":"scroll","background-type":"","background-media":"","overlay-type":"","overlay-color":"","overlay-opacity":"","overlay-gradient":""},"tablet":{"background-color":"","background-image":"","background-repeat":"repeat","background-position":"center center","background-size":"auto","background-attachment":"scroll","background-type":"","background-media":"","overlay-type":"","overlay-color":"","overlay-opacity":"","overlay-gradient":""},"mobile":{"background-color":"","background-image":"","background-repeat":"repeat","background-position":"center center","background-size":"auto","background-attachment":"scroll","background-type":"","background-media":"","overlay-type":"","overlay-color":"","overlay-opacity":"","overlay-gradient":""}},"ast-content-background-meta":{"desktop":{"background-color":"var(--ast-global-color-5)","background-image":"","background-repeat":"repeat","background-position":"center center","background-size":"auto","background-attachment":"scroll","background-type":"","background-media":"","overlay-type":"","overlay-color":"","overlay-opacity":"","overlay-gradient":""},"tablet":{"background-color":"var(--ast-global-color-5)","background-image":"","background-repeat":"repeat","background-position":"center center","background-size":"auto","background-attachment":"scroll","background-type":"","background-media":"","overlay-type":"","overlay-color":"","overlay-opacity":"","overlay-gradient":""},"mobile":{"background-color":"var(--ast-global-color-5)","background-image":"","background-repeat":"repeat","background-position":"center center","background-size":"auto","background-attachment":"scroll","background-type":"","background-media":"","overlay-type":"","overlay-color":"","overlay-opacity":"","overlay-gradient":""}},"footnotes":""},"class_list":["post-12","page","type-page","status-publish","hentry"],"uagb_featured_image_src":{"full":false,"thumbnail":false,"medium":false,"medium_large":false,"large":false,"1536x1536":false,"2048x2048":false,"trp-custom-language-flag":false},"uagb_author_info":{"display_name":"charles","author_link":"https:\/\/chinesemfg.com\/fr\/author\/charles\/"},"uagb_comment_info":0,"uagb_excerpt":"About Us Welcome to chinesemfg.com, your premier gateway to [&hellip;]","_links":{"self":[{"href":"https:\/\/chinesemfg.com\/fr\/wp-json\/wp\/v2\/pages\/12","targetHints":{"allow":["GET"]}}],"collection":[{"href":"https:\/\/chinesemfg.com\/fr\/wp-json\/wp\/v2\/pages"}],"about":[{"href":"https:\/\/chinesemfg.com\/fr\/wp-json\/wp\/v2\/types\/page"}],"author":[{"embeddable":true,"href":"https:\/\/chinesemfg.com\/fr\/wp-json\/wp\/v2\/users\/1"}],"replies":[{"embeddable":true,"href":"https:\/\/chinesemfg.com\/fr\/wp-json\/wp\/v2\/comments?post=12"}],"version-history":[{"count":9,"href":"https:\/\/chinesemfg.com\/fr\/wp-json\/wp\/v2\/pages\/12\/revisions"}],"predecessor-version":[{"id":442,"href":"https:\/\/chinesemfg.com\/fr\/wp-json\/wp\/v2\/pages\/12\/revisions\/442"}],"wp:attachment":[{"href":"https:\/\/chinesemfg.com\/fr\/wp-json\/wp\/v2\/media?parent=12"}],"curies":[{"name":"wp","href":"https:\/\/api.w.org\/{rel}","templated":true}]}}