{"id":12,"date":"2024-08-26T10:21:24","date_gmt":"2024-08-26T10:21:24","guid":{"rendered":"https:\/\/chinesemfg.com\/?page_id=12"},"modified":"2024-09-04T07:55:38","modified_gmt":"2024-09-04T07:55:38","slug":"sobre-nos","status":"publish","type":"page","link":"https:\/\/chinesemfg.com\/pt\/sobre-nos\/","title":{"rendered":"Sobre n\u00f3s"},"content":{"rendered":"<div class=\"wp-block-uagb-container uagb-block-150c55de alignwide uagb-is-root-container\">\n<div class=\"wp-block-uagb-container uagb-block-9701761c\">\n<div class=\"wp-block-uagb-container uagb-block-51a8afa3\"><\/div>\n\n\n\n<div class=\"wp-block-uagb-container uagb-block-c81f0698\">\n<h1 class=\"wp-block-heading has-x-large-font-size\">Sobre n\u00f3s<\/h1>\n\n\n\n<p>Bem-vindo ao <strong>chinesemfg.com<\/strong>A empresa \u00e9 a principal porta de entrada para o vasto e diversificado mundo da manufatura chinesa. Como uma extens\u00e3o da <a href=\"https:\/\/crossborder.digital\" target=\"_blank\" rel=\"noopener\">Digital transfronteiri\u00e7o<\/a>Somos especializados em conectar compradores globais com fabricantes chineses confi\u00e1veis e de alta qualidade. Nossa plataforma foi projetada para preencher a lacuna entre a demanda internacional e as incompar\u00e1veis capacidades de fabrica\u00e7\u00e3o da China, tornando mais f\u00e1cil do que nunca para as empresas de todo o mundo encontrar os fornecedores certos. N\u00e3o importa se voc\u00ea est\u00e1 procurando produtos eletr\u00f4nicos de consumo, maquin\u00e1rio industrial ou produtos personalizados, <strong>chinesemfg.com<\/strong> oferece uma experi\u00eancia simplificada e f\u00e1cil de usar para ajud\u00e1-lo a navegar com confian\u00e7a no cen\u00e1rio de fabrica\u00e7\u00e3o da China.<\/p>\n\n\n\n<p>Em <strong>chinesemfg.com<\/strong>entendemos que encontrar o fornecedor certo \u00e9 fundamental para o sucesso de seus neg\u00f3cios. Por isso, criamos um diret\u00f3rio abrangente de fabricantes chineses verificados, com perfis detalhados, cat\u00e1logos de produtos e informa\u00e7\u00f5es de contato. Nossa plataforma multil\u00edngue garante que o idioma nunca seja uma barreira, permitindo que voc\u00ea se conecte com fornecedores em ingl\u00eas, espanhol, franc\u00eas e muito mais. Com foco em transpar\u00eancia, qualidade e confiabilidade, <strong>chinesemfg.com<\/strong> \u00e9 o seu parceiro de confian\u00e7a no fornecimento de produtos da pot\u00eancia de fabrica\u00e7\u00e3o da China.<\/p>\n<\/div>\n<\/div>\n<\/div>","protected":false},"excerpt":{"rendered":"<p>Sobre n\u00f3s Bem-vindo ao chinesemfg.com, sua principal porta de entrada para [...]<\/p>","protected":false},"author":1,"featured_media":0,"parent":0,"menu_order":0,"comment_status":"closed","ping_status":"closed","template":"","meta":{"_uag_custom_page_level_css":"","site-sidebar-layout":"default","site-content-layout":"","ast-site-content-layout":"default","site-content-style":"default","site-sidebar-style":"default","ast-global-header-display":"","ast-banner-title-visibility":"","ast-main-header-display":"","ast-hfb-above-header-display":"","ast-hfb-below-header-display":"","ast-hfb-mobile-header-display":"","site-post-title":"disabled","ast-breadcrumbs-content":"","ast-featured-img":"","footer-sml-layout":"","ast-disable-related-posts":"","theme-transparent-header-meta":"","adv-header-id-meta":"","stick-header-meta":"","header-above-stick-meta":"","header-main-stick-meta":"","header-below-stick-meta":"","astra-migrate-meta-layouts":"default","ast-page-background-enabled":"default","ast-page-background-meta":{"desktop":{"background-color":"var(--ast-global-color-4)","background-image":"","background-repeat":"repeat","background-position":"center center","background-size":"auto","background-attachment":"scroll","background-type":"","background-media":"","overlay-type":"","overlay-color":"","overlay-opacity":"","overlay-gradient":""},"tablet":{"background-color":"","background-image":"","background-repeat":"repeat","background-position":"center center","background-size":"auto","background-attachment":"scroll","background-type":"","background-media":"","overlay-type":"","overlay-color":"","overlay-opacity":"","overlay-gradient":""},"mobile":{"background-color":"","background-image":"","background-repeat":"repeat","background-position":"center center","background-size":"auto","background-attachment":"scroll","background-type":"","background-media":"","overlay-type":"","overlay-color":"","overlay-opacity":"","overlay-gradient":""}},"ast-content-background-meta":{"desktop":{"background-color":"var(--ast-global-color-5)","background-image":"","background-repeat":"repeat","background-position":"center center","background-size":"auto","background-attachment":"scroll","background-type":"","background-media":"","overlay-type":"","overlay-color":"","overlay-opacity":"","overlay-gradient":""},"tablet":{"background-color":"var(--ast-global-color-5)","background-image":"","background-repeat":"repeat","background-position":"center center","background-size":"auto","background-attachment":"scroll","background-type":"","background-media":"","overlay-type":"","overlay-color":"","overlay-opacity":"","overlay-gradient":""},"mobile":{"background-color":"var(--ast-global-color-5)","background-image":"","background-repeat":"repeat","background-position":"center center","background-size":"auto","background-attachment":"scroll","background-type":"","background-media":"","overlay-type":"","overlay-color":"","overlay-opacity":"","overlay-gradient":""}},"footnotes":""},"class_list":["post-12","page","type-page","status-publish","hentry"],"uagb_featured_image_src":{"full":false,"thumbnail":false,"medium":false,"medium_large":false,"large":false,"1536x1536":false,"2048x2048":false,"trp-custom-language-flag":false},"uagb_author_info":{"display_name":"charles","author_link":"https:\/\/chinesemfg.com\/pt\/author\/charles\/"},"uagb_comment_info":0,"uagb_excerpt":"About Us Welcome to chinesemfg.com, your premier gateway to [&hellip;]","_links":{"self":[{"href":"https:\/\/chinesemfg.com\/pt\/wp-json\/wp\/v2\/pages\/12","targetHints":{"allow":["GET"]}}],"collection":[{"href":"https:\/\/chinesemfg.com\/pt\/wp-json\/wp\/v2\/pages"}],"about":[{"href":"https:\/\/chinesemfg.com\/pt\/wp-json\/wp\/v2\/types\/page"}],"author":[{"embeddable":true,"href":"https:\/\/chinesemfg.com\/pt\/wp-json\/wp\/v2\/users\/1"}],"replies":[{"embeddable":true,"href":"https:\/\/chinesemfg.com\/pt\/wp-json\/wp\/v2\/comments?post=12"}],"version-history":[{"count":9,"href":"https:\/\/chinesemfg.com\/pt\/wp-json\/wp\/v2\/pages\/12\/revisions"}],"predecessor-version":[{"id":442,"href":"https:\/\/chinesemfg.com\/pt\/wp-json\/wp\/v2\/pages\/12\/revisions\/442"}],"wp:attachment":[{"href":"https:\/\/chinesemfg.com\/pt\/wp-json\/wp\/v2\/media?parent=12"}],"curies":[{"name":"wp","href":"https:\/\/api.w.org\/{rel}","templated":true}]}}